{"id":586,"date":"2025-03-26T06:16:48","date_gmt":"2025-03-26T05:16:48","guid":{"rendered":"https:\/\/eyftransmaq.com\/?page_id=586"},"modified":"2025-12-23T17:41:11","modified_gmt":"2025-12-23T16:41:11","slug":"productos","status":"publish","type":"page","link":"https:\/\/megatecautomation.pe\/index.php\/productos\/","title":{"rendered":"PRODUCTOS"},"content":{"rendered":"\t\t<div data-elementor-type=\"wp-page\" data-elementor-id=\"586\" class=\"elementor elementor-586\" data-elementor-post-type=\"page\">\n\t\t\t\t<div class=\"elementor-element elementor-element-bbba8fd e-con-full e-flex e-con e-parent\" data-id=\"bbba8fd\" data-element_type=\"container\" data-e-type=\"container\" data-settings=\"{&quot;background_background&quot;:&quot;classic&quot;}\">\n\t\t\t\t<div class=\"elementor-element elementor-element-5778ae2 elementor-widget elementor-widget-spacer\" data-id=\"5778ae2\" data-element_type=\"widget\" data-e-type=\"widget\" data-widget_type=\"spacer.default\">\n\t\t\t\t<div class=\"elementor-widget-container\">\n\t\t\t\t\t\t\t<div class=\"elementor-spacer\">\n\t\t\t<div class=\"elementor-spacer-inner\"><\/div>\n\t\t<\/div>\n\t\t\t\t\t\t<\/div>\n\t\t\t\t<\/div>\n\t\t\t\t<div class=\"elementor-element elementor-element-02e529a elementor-widget elementor-widget-heading\" data-id=\"02e529a\" data-element_type=\"widget\" data-e-type=\"widget\" data-widget_type=\"heading.default\">\n\t\t\t\t<div class=\"elementor-widget-container\">\n\t\t\t\t\t<h2 class=\"elementor-heading-title elementor-size-default\">PRODUCTOS: SUMINISTRO DE EQUIPOS NEUMATICOS E HIDRAULICOS<\/h2>\t\t\t\t<\/div>\n\t\t\t\t<\/div>\n\t\t\t\t<\/div>\n\t\t<div class=\"elementor-element elementor-element-093bda7 e-flex e-con-boxed e-con e-parent\" data-id=\"093bda7\" data-element_type=\"container\" data-e-type=\"container\" data-settings=\"{&quot;background_background&quot;:&quot;gradient&quot;}\">\n\t\t\t\t\t<div class=\"e-con-inner\">\n\t\t\t\t<div class=\"elementor-element elementor-element-4e5c301 elementor-widget elementor-widget-spacer\" data-id=\"4e5c301\" data-element_type=\"widget\" data-e-type=\"widget\" data-widget_type=\"spacer.default\">\n\t\t\t\t<div class=\"elementor-widget-container\">\n\t\t\t\t\t\t\t<div class=\"elementor-spacer\">\n\t\t\t<div class=\"elementor-spacer-inner\"><\/div>\n\t\t<\/div>\n\t\t\t\t\t\t<\/div>\n\t\t\t\t<\/div>\n\t\t\t\t\t<\/div>\n\t\t\t\t<\/div>\n\t\t\t\t<section class=\"elementor-section elementor-top-section elementor-element elementor-element-7c9caf4 elementor-section-boxed elementor-section-height-default elementor-section-height-default\" data-id=\"7c9caf4\" data-element_type=\"section\" data-e-type=\"section\">\n\t\t\t\t\t\t<div class=\"elementor-container elementor-column-gap-default\">\n\t\t\t\t\t<div class=\"elementor-column elementor-col-50 elementor-top-column elementor-element elementor-element-5d11506\" data-id=\"5d11506\" data-element_type=\"column\" data-e-type=\"column\" data-settings=\"{&quot;background_background&quot;:&quot;classic&quot;}\">\n\t\t\t<div class=\"elementor-widget-wrap elementor-element-populated\">\n\t\t\t\t\t<div class=\"elementor-background-overlay\"><\/div>\n\t\t\t\t\t\t<div class=\"elementor-element elementor-element-95fbb11 elementor-widget elementor-widget-heading\" data-id=\"95fbb11\" data-element_type=\"widget\" data-e-type=\"widget\" data-widget_type=\"heading.default\">\n\t\t\t\t<div class=\"elementor-widget-container\">\n\t\t\t\t\t<h2 class=\"elementor-heading-title elementor-size-default\">SUMINISTRO DE EQUIPOS NEUMATICOS E HIDRAULICOS<\/h2>\t\t\t\t<\/div>\n\t\t\t\t<\/div>\n\t\t\t\t<div class=\"elementor-element elementor-element-b60e294 elementor-widget-divider--view-line_icon elementor-widget-divider--element-align-left elementor-view-default elementor-widget elementor-widget-divider\" data-id=\"b60e294\" data-element_type=\"widget\" data-e-type=\"widget\" data-widget_type=\"divider.default\">\n\t\t\t\t<div class=\"elementor-widget-container\">\n\t\t\t\t\t\t\t<div class=\"elementor-divider\">\n\t\t\t<span class=\"elementor-divider-separator\">\n\t\t\t\t\t\t\t<div class=\"elementor-icon elementor-divider__element\">\n\t\t\t\t\t<svg aria-hidden=\"true\" class=\"e-font-icon-svg e-fas-square\" viewBox=\"0 0 448 512\" xmlns=\"http:\/\/www.w3.org\/2000\/svg\"><path d=\"M400 32H48C21.5 32 0 53.5 0 80v352c0 26.5 21.5 48 48 48h352c26.5 0 48-21.5 48-48V80c0-26.5-21.5-48-48-48z\"><\/path><\/svg><\/div>\n\t\t\t\t\t\t<\/span>\n\t\t<\/div>\n\t\t\t\t\t\t<\/div>\n\t\t\t\t<\/div>\n\t\t\t\t<div class=\"elementor-element elementor-element-e16db38 elementor-shape-circle e-grid-align-left elementor-grid-0 elementor-widget elementor-widget-social-icons\" data-id=\"e16db38\" data-element_type=\"widget\" data-e-type=\"widget\" data-widget_type=\"social-icons.default\">\n\t\t\t\t<div class=\"elementor-widget-container\">\n\t\t\t\t\t\t\t<div class=\"elementor-social-icons-wrapper elementor-grid\" role=\"list\">\n\t\t\t\t\t\t\t<span class=\"elementor-grid-item\" role=\"listitem\">\n\t\t\t\t\t<a class=\"elementor-icon elementor-social-icon elementor-social-icon-facebook elementor-repeater-item-bc95ee9\" target=\"_blank\">\n\t\t\t\t\t\t<span class=\"elementor-screen-only\">Facebook<\/span>\n\t\t\t\t\t\t\t\t\t\t\t\t\t<i class=\"fa fa-facebook\" aria-hidden=\"true\"><\/i>\n\t\t\t\t\t\t\t\t\t\t\t<\/a>\n\t\t\t\t<\/span>\n\t\t\t\t\t\t\t<span class=\"elementor-grid-item\" role=\"listitem\">\n\t\t\t\t\t<a class=\"elementor-icon elementor-social-icon elementor-social-icon-twitter elementor-repeater-item-dc2e752\" target=\"_blank\">\n\t\t\t\t\t\t<span class=\"elementor-screen-only\">Twitter<\/span>\n\t\t\t\t\t\t\t\t\t\t\t\t\t<i class=\"fa fa-twitter\" aria-hidden=\"true\"><\/i>\n\t\t\t\t\t\t\t\t\t\t\t<\/a>\n\t\t\t\t<\/span>\n\t\t\t\t\t\t\t<span class=\"elementor-grid-item\" role=\"listitem\">\n\t\t\t\t\t<a class=\"elementor-icon elementor-social-icon elementor-social-icon-google-plus elementor-repeater-item-b2d922d\" target=\"_blank\">\n\t\t\t\t\t\t<span class=\"elementor-screen-only\">Google-plus<\/span>\n\t\t\t\t\t\t\t\t\t\t\t\t\t<i class=\"fa fa-google-plus\" aria-hidden=\"true\"><\/i>\n\t\t\t\t\t\t\t\t\t\t\t<\/a>\n\t\t\t\t<\/span>\n\t\t\t\t\t<\/div>\n\t\t\t\t\t\t<\/div>\n\t\t\t\t<\/div>\n\t\t\t\t<div class=\"elementor-element elementor-element-269e36e elementor-widget elementor-widget-text-editor\" data-id=\"269e36e\" data-element_type=\"widget\" data-e-type=\"widget\" data-widget_type=\"text-editor.default\">\n\t\t\t\t<div class=\"elementor-widget-container\">\n\t\t\t\t\t\t\t\t\t<p>Somos una empresa especializada en la distribuci\u00f3n de una amplia gama de equipos Electro- Neum\u00e1ticos e Hidr\u00e1ulicos para m\u00faltiples aplicaciones.<\/p><p>Contamos con cilindros neum\u00e1ticos, v\u00e1lvulas, electrov\u00e1lvulas, reguladores de caudal, reguladores de presi\u00f3n, unidades de mantenimiento, filtros neum\u00e1ticos, lubricadores neum\u00e1ticos, bombas y motores, man\u00f3metros y accesorios hidr\u00e1ulicos y neum\u00e1ticos.<\/p><p>Suministros Neum\u00e1ticos Normalizados y especiales para aplicaciones de uso est\u00e1ndar, de carreras largas, para cargas pesadas y para ambientes corrosivos.<br \/><br \/>V\u00e1lvulas direccionales de accionamiento mec\u00e1nico, neum\u00e1tico, el\u00e9ctrico, manual, v\u00e1lvulas de control de regulaci\u00f3n de caudal, v\u00e1lvulas de seguridad, v\u00e1lvulas reguladoras de presi\u00f3n de baja, de media y de alta presi\u00f3n, v\u00e1lvulas condicionales, v\u00e1lvulas de apertura y cierre progresivo, v\u00e1lvulas de bloqueo, v\u00e1lvulas de despresurizaci\u00f3n.<\/p><p>V\u00e1lvulas solenoides multifluidos para aplicaciones de purga, pilotados, de pase simple, de pase alto.<\/p><p>V\u00e1lvulas de Procesos tales como Actuadores rotativos, V\u00e1lvulas de Bola, V\u00e1lvula Mariposa, v\u00e1lvulas en yee, v\u00e1lvulas de Alivio, Actuadores Neum\u00e1ticos.<\/p><p>Mangueras para todo tipo de fluidos y aplicaciones, de alta y baja presi\u00f3n, de alta temperatura, mangueras resistentes a los RUV.<\/p><p>Componentes Hidr\u00e1ulicos, cilindros hidr\u00e1ulicos, v\u00e1lvulas, mangueras met\u00e1licas, conexionados de bronce, conexiones inoxidables, con norma americana y norma europea.<\/p>\t\t\t\t\t\t\t\t<\/div>\n\t\t\t\t<\/div>\n\t\t\t\t<section class=\"elementor-section elementor-inner-section elementor-element elementor-element-1f3f171 elementor-section-boxed elementor-section-height-default elementor-section-height-default\" data-id=\"1f3f171\" data-element_type=\"section\" data-e-type=\"section\">\n\t\t\t\t\t\t<div class=\"elementor-container elementor-column-gap-default\">\n\t\t\t\t\t<div class=\"elementor-column elementor-col-100 elementor-inner-column elementor-element elementor-element-3322b93\" data-id=\"3322b93\" data-element_type=\"column\" data-e-type=\"column\">\n\t\t\t<div class=\"elementor-widget-wrap\">\n\t\t\t\t\t\t\t<\/div>\n\t\t<\/div>\n\t\t\t\t\t<\/div>\n\t\t<\/section>\n\t\t\t\t\t<\/div>\n\t\t<\/div>\n\t\t\t\t<div class=\"elementor-column elementor-col-50 elementor-top-column elementor-element elementor-element-289ff2a\" data-id=\"289ff2a\" data-element_type=\"column\" data-e-type=\"column\" data-settings=\"{&quot;background_background&quot;:&quot;classic&quot;}\">\n\t\t\t<div class=\"elementor-widget-wrap elementor-element-populated\">\n\t\t\t\t\t<div class=\"elementor-background-overlay\"><\/div>\n\t\t\t\t\t\t<div class=\"elementor-element elementor-element-4a79cc3 elementor-widget elementor-widget-image\" data-id=\"4a79cc3\" data-element_type=\"widget\" data-e-type=\"widget\" data-widget_type=\"image.default\">\n\t\t\t\t<div class=\"elementor-widget-container\">\n\t\t\t\t\t\t\t\t\t\t\t\t\t\t\t<img fetchpriority=\"high\" decoding=\"async\" width=\"683\" height=\"1024\" src=\"https:\/\/megatecautomation.pe\/wp-content\/uploads\/2025\/03\/ChatGPT-Image-26-mar-2025-00_27_56-683x1024.png\" class=\"attachment-large size-large wp-image-594\" alt=\"\" srcset=\"https:\/\/megatecautomation.pe\/wp-content\/uploads\/2025\/03\/ChatGPT-Image-26-mar-2025-00_27_56-683x1024.png 683w, https:\/\/megatecautomation.pe\/wp-content\/uploads\/2025\/03\/ChatGPT-Image-26-mar-2025-00_27_56-200x300.png 200w, https:\/\/megatecautomation.pe\/wp-content\/uploads\/2025\/03\/ChatGPT-Image-26-mar-2025-00_27_56-768x1152.png 768w, https:\/\/megatecautomation.pe\/wp-content\/uploads\/2025\/03\/ChatGPT-Image-26-mar-2025-00_27_56.png 1024w\" sizes=\"(max-width: 683px) 100vw, 683px\" \/>\t\t\t\t\t\t\t\t\t\t\t\t\t\t\t<\/div>\n\t\t\t\t<\/div>\n\t\t\t\t\t<\/div>\n\t\t<\/div>\n\t\t\t\t\t<\/div>\n\t\t<\/section>\n\t\t<div class=\"elementor-element elementor-element-ba409c0 e-flex e-con-boxed e-con e-parent\" data-id=\"ba409c0\" data-element_type=\"container\" data-e-type=\"container\">\n\t\t\t\t\t<div class=\"e-con-inner\">\n\t\t\t\t<div class=\"elementor-element elementor-element-4cb1642 elementor-widget elementor-widget-spacer\" data-id=\"4cb1642\" data-element_type=\"widget\" data-e-type=\"widget\" data-widget_type=\"spacer.default\">\n\t\t\t\t<div class=\"elementor-widget-container\">\n\t\t\t\t\t\t\t<div class=\"elementor-spacer\">\n\t\t\t<div class=\"elementor-spacer-inner\"><\/div>\n\t\t<\/div>\n\t\t\t\t\t\t<\/div>\n\t\t\t\t<\/div>\n\t\t\t\t\t<\/div>\n\t\t\t\t<\/div>\n\t\t\t\t<\/div>\n\t\t","protected":false},"excerpt":{"rendered":"<p>PRODUCTOS: SUMINISTRO DE EQUIPOS NEUMATICOS E HIDRAULICOS SUMINISTRO DE EQUIPOS NEUMATICOS E HIDRAULICOS Facebook Twitter Google-plus Somos una empresa especializada en la distribuci\u00f3n de una amplia gama de equipos Electro- Neum\u00e1ticos e Hidr\u00e1ulicos para m\u00faltiples aplicaciones. Contamos con cilindros neum\u00e1ticos, v\u00e1lvulas, electrov\u00e1lvulas, reguladores de caudal, reguladores de presi\u00f3n, unidades de mantenimiento, filtros neum\u00e1ticos, lubricadores neum\u00e1ticos, [&hellip;]<\/p>\n","protected":false},"author":1,"featured_media":0,"parent":0,"menu_order":0,"comment_status":"closed","ping_status":"closed","template":"elementor_header_footer","meta":{"footnotes":""},"class_list":["post-586","page","type-page","status-publish","hentry"],"_links":{"self":[{"href":"https:\/\/megatecautomation.pe\/index.php\/wp-json\/wp\/v2\/pages\/586","targetHints":{"allow":["GET"]}}],"collection":[{"href":"https:\/\/megatecautomation.pe\/index.php\/wp-json\/wp\/v2\/pages"}],"about":[{"href":"https:\/\/megatecautomation.pe\/index.php\/wp-json\/wp\/v2\/types\/page"}],"author":[{"embeddable":true,"href":"https:\/\/megatecautomation.pe\/index.php\/wp-json\/wp\/v2\/users\/1"}],"replies":[{"embeddable":true,"href":"https:\/\/megatecautomation.pe\/index.php\/wp-json\/wp\/v2\/comments?post=586"}],"version-history":[{"count":43,"href":"https:\/\/megatecautomation.pe\/index.php\/wp-json\/wp\/v2\/pages\/586\/revisions"}],"predecessor-version":[{"id":1948,"href":"https:\/\/megatecautomation.pe\/index.php\/wp-json\/wp\/v2\/pages\/586\/revisions\/1948"}],"wp:attachment":[{"href":"https:\/\/megatecautomation.pe\/index.php\/wp-json\/wp\/v2\/media?parent=586"}],"curies":[{"name":"wp","href":"https:\/\/api.w.org\/{rel}","templated":true}]}}